{"id":145,"date":"2022-07-22T04:57:32","date_gmt":"2022-07-22T04:57:32","guid":{"rendered":"https:\/\/jobzilla.wprdx.com\/demo\/?page_id=145"},"modified":"2025-10-01T16:23:58","modified_gmt":"2025-10-01T16:23:58","slug":"contact-us","status":"publish","type":"page","link":"https:\/\/bolsadeempleo.itred.edu.ec\/index\/contact-us\/","title":{"rendered":"Contactanos"},"content":{"rendered":"\t\t<div data-elementor-type=\"wp-page\" data-elementor-id=\"145\" class=\"elementor elementor-145\" data-elementor-post-type=\"page\">\n\t\t\t\t\t\t<section class=\"elementor-section elementor-top-section elementor-element elementor-element-e41ff64 elementor-section-full_width elementor-section-height-default elementor-section-height-default\" data-id=\"e41ff64\" data-element_type=\"section\">\n\t\t\t\t\t\t<div class=\"elementor-container elementor-column-gap-custom\">\n\t\t\t\t\t<div class=\"elementor-column elementor-col-100 elementor-top-column elementor-element elementor-element-c71013f\" data-id=\"c71013f\" data-element_type=\"column\">\n\t\t\t<div class=\"elementor-widget-wrap elementor-element-populated\">\n\t\t\t\t\t\t<div class=\"elementor-element elementor-element-6a2a19f elementor-widget elementor-widget-dz-contact-form-1\" data-id=\"6a2a19f\" data-element_type=\"widget\" data-widget_type=\"dz-contact-form-1.default\">\n\t\t\t\t<div class=\"elementor-widget-container\">\n\t\t\t\t\t<!-- CONTACT FORM -->\r\n<div class=\"section-full twm-contact-one\">   \r\n    <div class=\"section-content\">\r\n        <div class=\"container\">                \r\n            <!-- CONTACT FORM-->\r\n            <div class=\"contact-one-inner content-inner\">\r\n                <div class=\"row\">\r\n                    <div class=\"col-lg-6 col-md-12\">\r\n                        <div class=\"contact-form-outer cons-contact-form\">\r\n                                                            <!-- TITLE START-->\r\n                                <div class=\"section-head left wt-small-separator-outer\">\r\n                                                                            <h2 class=\"wt-title\">\r\n                                            Env\u00edanos un Mensaje                                        <\/h2>\r\n                                    \r\n                                                                            <p>\r\n                                            Puedes comunicarte con nosotros con toda confianza, te responderemos lo antes posible.                                        <\/p>\r\n                                                                    <\/div>\r\n                                <!-- TITLE END--> \r\n                            \r\n                                                    <\/div>\r\n                    <\/div> \r\n\r\n                                            <div class=\"col-lg-6 col-md-12\">\r\n                            <div class=\"contact-info-wrap\">\r\n                                <div class=\"contact-info\">\r\n                                    <div class=\"contact-info-section \">  \r\n                                                                                    <div class=\"c-info-column\">\r\n                                                <div class=\"c-info-icon custome-size\"><i class=\"fas fa-map-marker-alt\"><\/i><\/div>\r\n\r\n                                                                                                    <h5 class=\"twm-title\">\r\n                                                        Nuestra Ubicaci\u00f3n                                                    <\/h5>\r\n                                                \r\n                                                                                                    <p>\r\n                                                        Olmedo y Misael Acosta.<br> Daule-Guayas-Ecuador                                                    <\/p>\r\n                                                                                                \r\n                                            <\/div>  \r\n                                                                                    <div class=\"c-info-column\">\r\n                                                <div class=\"c-info-icon \"><i class=\"fas fa-mobile-alt\"><\/i><\/div>\r\n\r\n                                                                                                    <h5 class=\"twm-title\">\r\n                                                        N\u00famero de Contacto                                                    <\/h5>\r\n                                                \r\n                                                                                                    <p>\r\n                                                        +593 0962014220                                                    <\/p>\r\n                                                                                                \r\n                                            <\/div>  \r\n                                                                                    <div class=\"c-info-column\">\r\n                                                <div class=\"c-info-icon custome-size\"><i class=\"fas fa-envelope\"><\/i><\/div>\r\n\r\n                                                                                                    <h5 class=\"twm-title\">\r\n                                                        Correo                                                    <\/h5>\r\n                                                \r\n                                                                                                    <p>\r\n                                                        talento-humano@itred.edu.ec                                                    <\/p>\r\n                                                                                                \r\n                                            <\/div>  \r\n                                                \r\n                                    <\/div>\r\n                                <\/div>\r\n                            <\/div>\r\n                        <\/div>\r\n                                    <\/div>\r\n            <\/div>            \r\n        <\/div>        \r\n    <\/div>\r\n<\/div>\r\n\r\n    <div class=\"gmap-outline\">\r\n        <div class=\"google-map\">\r\n            <iframe \n  src=\"https:\/\/www.google.com\/maps\/embed?pb=!1m18!1m12!1m3!1d3988.123456789012!2d-79.987654321!3d-1.869876543!2m3!1f0!2f0!3f0!3m2!1i1024!2i768!4f13.1!3m3!1m2!1s0x902d2f5ab1234567%3A0xabcd1234ef567890!2sInstituto%20Superior%20Tecnol%C3%B3gico%20Rey%20David%20-%20Olmedo%20y%20Misael%20Acosta%2C%20Daule%2C%20Guayas!5e0!3m2!1ses!2sec!4v1696199999999\" \n  class=\"align-self-stretch radius-sm\" \n  style=\"border:0; width:100%; min-height:100%;\" \n  allowfullscreen=\"\" \n  loading=\"lazy\" \n  referrerpolicy=\"no-referrer-when-downgrade\">\n<\/iframe>\n        <\/div>\r\n    <\/div>\r\n\t\t\t\t<\/div>\n\t\t\t\t<\/div>\n\t\t\t\t\t<\/div>\n\t\t<\/div>\n\t\t\t\t\t<\/div>\n\t\t<\/section>\n\t\t\t\t<\/div>\n\t\t","protected":false},"excerpt":{"rendered":"<p>Env\u00edanos un Mensaje Puedes comunicarte con nosotros con toda confianza, te responderemos lo antes posible. Nuestra Ubicaci\u00f3n Olmedo y Misael Acosta. Daule-Guayas-Ecuador N\u00famero de Contacto +593 0962014220 Correo talento-humano@itred.edu.ec<\/p>\n","protected":false},"author":1,"featured_media":0,"parent":0,"menu_order":0,"comment_status":"closed","ping_status":"closed","template":"jobzilla_homepage.php","meta":{"footnotes":""},"class_list":["post-145","page","type-page","status-publish","hentry"],"_links":{"self":[{"href":"https:\/\/bolsadeempleo.itred.edu.ec\/index\/wp-json\/wp\/v2\/pages\/145","targetHints":{"allow":["GET"]}}],"collection":[{"href":"https:\/\/bolsadeempleo.itred.edu.ec\/index\/wp-json\/wp\/v2\/pages"}],"about":[{"href":"https:\/\/bolsadeempleo.itred.edu.ec\/index\/wp-json\/wp\/v2\/types\/page"}],"author":[{"embeddable":true,"href":"https:\/\/bolsadeempleo.itred.edu.ec\/index\/wp-json\/wp\/v2\/users\/1"}],"replies":[{"embeddable":true,"href":"https:\/\/bolsadeempleo.itred.edu.ec\/index\/wp-json\/wp\/v2\/comments?post=145"}],"version-history":[{"count":5,"href":"https:\/\/bolsadeempleo.itred.edu.ec\/index\/wp-json\/wp\/v2\/pages\/145\/revisions"}],"predecessor-version":[{"id":5946,"href":"https:\/\/bolsadeempleo.itred.edu.ec\/index\/wp-json\/wp\/v2\/pages\/145\/revisions\/5946"}],"wp:attachment":[{"href":"https:\/\/bolsadeempleo.itred.edu.ec\/index\/wp-json\/wp\/v2\/media?parent=145"}],"curies":[{"name":"wp","href":"https:\/\/api.w.org\/{rel}","templated":true}]}}